{"id":3,"date":"2024-09-17T14:59:37","date_gmt":"2024-09-17T14:59:37","guid":{"rendered":"https:\/\/gerardraventos.com\/?page_id=3"},"modified":"2025-07-09T16:39:22","modified_gmt":"2025-07-09T16:39:22","slug":"politica-de-privacidad","status":"publish","type":"page","link":"https:\/\/gerardraventos.com\/es\/politica-de-privacidad\/","title":{"rendered":"Pol\u00edtica de privacidad"},"content":{"rendered":"\n<p>De conformidad con lo establecido en la normativa vigente en Protecci\u00f3n de Datos de Car\u00e1cter Personal, le informamos que sus datos ser\u00e1n incorporados al sistema de tratamiento titularidad de Gerard Ravent\u00f3s con CIF 47837270F y domicilio social sito en C\/ Balmes 25, 5o 2a, 08007 Barcelona, Espa\u00f1a, con la finalidad de atender sus consultas y remitirle informaci\u00f3n relacionada que pueda ser de su inter\u00e9s. En cumplimiento con la normativa vigente, Gerard Ravent\u00f3s informa que los datos ser\u00e1n conservados durante el plazo estrictamente necesario para cumplir con los preceptos mencionados con anterioridad.<\/p>\n\n\n\n<p>Mientras no nos comunique lo contrario, entenderemos que sus datos no han sido modificados, que usted se compromete a notificarnos cualquier variaci\u00f3n y que tenemos su consentimiento para utilizarlos para las finalidades mencionadas.<br>Gerard Ravent\u00f3s informa que proceder\u00e1 a tratar los datos de manera l\u00edcita, leal, transparente, adecuada, pertinente, limitada, exacta y actualizada. Es por ello que Gerard Ravent\u00f3s se compromete a adoptar todas las medidas razonables para que estos se supriman o rectifiquen sin dilaci\u00f3n cuando sean inexactos.<\/p>\n\n\n\n<p>De acuerdo con los derechos que le confiere el la normativa vigente en protecci\u00f3n de datos podr\u00e1 ejercer los derechos de acceso, rectificaci\u00f3n, limitaci\u00f3n de tratamiento, supresi\u00f3n, portabilidad y oposici\u00f3n al tratamiento de sus datos de car\u00e1cter personal as\u00ed como del consentimiento prestado para el tratamiento de los mismos, dirigiendo su petici\u00f3n a la direcci\u00f3n postal indicada m\u00e1s arriba o al correo electr\u00f3nico\u00a0<a href=\"mailto:lupe@lupellorens.com\">info@gerardraventos.com<\/a>.<\/p>\n\n\n\n<p>A su vez, le informamos que puede contactar con el Delegado de Protecci\u00f3n de Datos de Gerard Ravent\u00f3s, dirigi\u00e9ndose por escrito a la direcci\u00f3n de correo\u00a0<a href=\"mailto:lupe@lupellorens.com\">info@gerardraventos.com<\/a>\u00a0o al tel\u00e9fono (34) &#8212;-.<\/p>\n\n\n\n<p>Podr\u00e1 dirigirse a la Autoridad de Control competente para presentar la reclamaci\u00f3n que considere oportuna.<br>Con env\u00edo del formulario de recogida de datos usted acepta la pol\u00edtica de privacidad de Gerard Ravent\u00f3s.<\/p>\n\n\n\n<p><\/p>\n","protected":false},"excerpt":{"rendered":"<p>De conformidad con lo establecido en la normativa vigente en Protecci\u00f3n de Datos de Car\u00e1cter Personal, le informamos que sus&#8230;<\/p>\n","protected":false},"author":1,"featured_media":0,"parent":0,"menu_order":0,"comment_status":"closed","ping_status":"closed","template":"","meta":{"footnotes":""},"class_list":["post-3","page","type-page","status-publish"],"aioseo_notices":[],"_links":{"self":[{"href":"https:\/\/gerardraventos.com\/es\/wp-json\/wp\/v2\/pages\/3","targetHints":{"allow":["GET"]}}],"collection":[{"href":"https:\/\/gerardraventos.com\/es\/wp-json\/wp\/v2\/pages"}],"about":[{"href":"https:\/\/gerardraventos.com\/es\/wp-json\/wp\/v2\/types\/page"}],"author":[{"embeddable":true,"href":"https:\/\/gerardraventos.com\/es\/wp-json\/wp\/v2\/users\/1"}],"replies":[{"embeddable":true,"href":"https:\/\/gerardraventos.com\/es\/wp-json\/wp\/v2\/comments?post=3"}],"version-history":[{"count":2,"href":"https:\/\/gerardraventos.com\/es\/wp-json\/wp\/v2\/pages\/3\/revisions"}],"predecessor-version":[{"id":1693,"href":"https:\/\/gerardraventos.com\/es\/wp-json\/wp\/v2\/pages\/3\/revisions\/1693"}],"wp:attachment":[{"href":"https:\/\/gerardraventos.com\/es\/wp-json\/wp\/v2\/media?parent=3"}],"curies":[{"name":"wp","href":"https:\/\/api.w.org\/{rel}","templated":true}]}}