{"id":1686,"date":"2024-10-06T23:01:04","date_gmt":"2024-10-06T23:01:04","guid":{"rendered":"https:\/\/gerardraventos.com\/?page_id=1686"},"modified":"2025-07-09T16:34:42","modified_gmt":"2025-07-09T16:34:42","slug":"politica-de-cookies","status":"publish","type":"page","link":"https:\/\/gerardraventos.com\/es\/politica-de-cookies\/","title":{"rendered":"Pol\u00edtica de cookies"},"content":{"rendered":"\n<p>Esta pol\u00edtica de cookies se elabora en cumplimiento de las obligaciones previstas en el art\u00edculo 22.2 de la Ley 34\/2002, de 11 de julio, de servicios de la sociedad de la informaci\u00f3n y de comercio electr\u00f3nico (en adelante, LSSI), en relaci\u00f3n con el Reglamento General de Protecci\u00f3n de Datos (RGPD) y la Ley Org\u00e1nica 3\/2018, de 5 de diciembre, de Protecci\u00f3n de Datos y garant\u00eda de los derechos digitales (LOPDGDD), con motivo de la revisi\u00f3n del Comit\u00e9 Europeo de Protecci\u00f3n de Datos (CEPD) en mayo de 2020 en las Directrices 05\/2020 sobre consentimiento.<\/p>\n\n\n\n<h2 class=\"wp-block-heading\">1. DEFINICI\u00d3N Y FUNCI\u00d3N DE LAS COOKIES<\/h2>\n\n\n\n<p>Una cookie es cualquier tipo de dispositivo de almacenamiento y recuperaci\u00f3n de datos que se utilice en el equipo terminal de un usuario con la finalidad de almacenar informaci\u00f3n y recuperar la informaci\u00f3n ya almacenada.Para la utilizaci\u00f3n de esta web se utilizan cookies. Las cookies que se puedan utilizar se asocian \u00fanicamente con el navegador de un ordenador o dispositivo determinado (un usuario an\u00f3nimo), y no proporcionan por s\u00ed mismas ning\u00fan dato personal del usuario. Se pueden utilizar los siguientes tipos de cookies, agrupadas por su finalidad:<\/p>\n\n\n\n<ul class=\"wp-block-list\">\n<li>Cookies t\u00e9cnicas: permiten al usuario la navegaci\u00f3n a trav\u00e9s de la p\u00e1gina web y la utilizaci\u00f3n de las diferentes opciones o servicios que en ella hay; por ejemplo, controlar el tr\u00e1fico y la comunicaci\u00f3n de datos, identificar la sesi\u00f3n, acceder a partes de acceso restringido, recordar los elementos que integran un pedido, realizar el proceso de compra de un pedido, realizar la solicitud de inscripci\u00f3n o participaci\u00f3n en un evento, utilizar elementos de seguridad durante la navegaci\u00f3n o almacenar, difundir y\/o compartir contenidos. Estas cookies son necesarias para el funcionamiento del servicio ofrecido.<\/li>\n\n\n\n<li>Cookies de an\u00e1lisis o medici\u00f3n: permiten cuantificar el n\u00famero de usuarios y realizar la medici\u00f3n y an\u00e1lisis estad\u00edstico de la utilizaci\u00f3n y actividad que hacen los usuarios de nuestra p\u00e1gina web, as\u00ed como elaborar perfiles de navegaci\u00f3n de los usuarios en estas p\u00e1ginas y en nuestras aplicaciones, todo esto con la finalidad de introducir mejoras. Las cookies propias son las creadas o gestionadas por el responsable de la p\u00e1gina web. Las cookies de terceros son las administradas por proveedores de servicios t\u00e9cnicos, de an\u00e1lisis, redes sociales, de personalizaci\u00f3n y de publicidad (incluida publicidad comportamental) ajenos al responsable de la p\u00e1gina web.<\/li>\n<\/ul>\n\n\n\n<h2 class=\"wp-block-heading\">2. COOKIES UTILIZADAS<\/h2>\n\n\n\n<p>Las cookies utilizadas en este portal son cookies propias y de terceros con fines t\u00e9cnicos y anal\u00edticos. Cookies anal\u00edticas: Las cookies anal\u00edticas sirven para recopilar informaci\u00f3n de c\u00f3mo los usuarios utilizan nuestro portal, por ejemplo, el n\u00famero de visitantes y cu\u00e1les son las p\u00e1ginas m\u00e1s utilizadas. La informaci\u00f3n es recopilada de forma an\u00f3nima y es utilizada para mejorar nuestro portal.La informaci\u00f3n recogida a trav\u00e9s de Google Analytics se transmite a Google, Inc., una compa\u00f1\u00eda de Delaware con oficina principal en 1600 Amphitheatre Parkway, Mountain View (California), CA 94043, Estados Unidos, en sus servidores de Estados Unidos, de conformidad con su pol\u00edtica de privacidad.<a href=\"http:\/\/www.google.com\/analytics\/learn\/privacy.html\" target=\"_blank\" rel=\"noreferrer noopener\">http:\/\/www.google.com\/analytics\/learn\/privacy.html<\/a><\/p>\n\n\n\n<h3 class=\"wp-block-heading\">Cookies de redes sociales y en nuestro blog<\/h3>\n\n\n\n<p>En nuestro portal le facilitamos enlaces a las p\u00e1ginas que tenemos en las redes sociales (YouTube, Facebook). Para el funcionamiento de estos sitios, si accede a ellos tambi\u00e9n se instalan cookies de terceros (Facebook.com, twitter.com, etc.) con fines t\u00e9cnicos, anal\u00edticos y de publicidad.No obstante, nosotros no tenemos ning\u00fan control sobre estas cookies.Estas cookies son de dos tipos:Cookies t\u00e9cnicas necesarias para acceder a la informaci\u00f3n y videos que compartimos en las redes sociales.Cookies anal\u00edticas (por ejemplo, Google Analytics), ya que la mayor\u00eda de redes sociales utilizan herramientas anal\u00edticas para recopilar informaci\u00f3n de c\u00f3mo los usuarios utilizan las redes sociales.Cookies de publicidad, ya que muchas redes sociales utilizan cookies de publicidad para mostrar informaci\u00f3n y anuncios personalizados seg\u00fan sus preferencias.En los siguientes enlaces puede consultar la pol\u00edtica de cookies en estas redes sociales:Facebook: https:\/\/www.facebook.com\/help\/cookies YouTube: https:\/\/www.youtube.com\/yt\/policyandsafety\/ca\/policy.htmlSi elimina las cookies de las redes sociales, no le impedir\u00e1 navegar normalmente por nuestra web, no obstante, no podr\u00e1 utilizar algunas de las funcionalidades que ofrecen (por ejemplo, compartir informaci\u00f3n, etc.).<\/p>\n\n\n\n<h2 class=\"wp-block-heading\">3. CONFIGURAR COOKIES<\/h2>\n\n\n\n<p>Si desea revocar el consentimiento dado con anterioridad, puede hacerlo en cualquier momento y todas las cookies ser\u00e1n eliminadas.Esta p\u00e1gina web contiene enlaces a p\u00e1ginas web de terceros, cuyas pol\u00edticas de privacidad son ajenas al titular de esta web. Al acceder a estas p\u00e1ginas web usted puede decidir si acepta sus pol\u00edticas de privacidad y de cookies.<\/p>\n\n\n\n<h3 class=\"wp-block-heading\">3.1 DESACTIVAR O ELIMINAR COOKIES<\/h3>\n\n\n\n<p>El usuario tiene la posibilidad de configurar su navegador para ser avisado en pantalla de la recepci\u00f3n de cookies y para evitar su instalaci\u00f3n en su disco duro. Todos los navegadores permiten hacer cambios para desactivar la configuraci\u00f3n de las cookies. Estos ajustes se encuentran ubicados en las \u00abopciones\u00bb o \u00abpreferencias\u00bb del men\u00fa de su navegador. A continuaci\u00f3n, podr\u00e1 encontrar los enlaces de cada navegador para desactivar las cookies siguiendo las instrucciones:En los Navegadores:La eliminaci\u00f3n de estas cookies (excepto las cookies t\u00e9cnicas) no impide la utilizaci\u00f3n de ning\u00fan servicio de nuestro portal.Las puede eliminar mediante la configuraci\u00f3n de su navegador impidiendo la instalaci\u00f3n de cookies. En funci\u00f3n del navegador que utilice deber\u00e1 seguir las siguientes instrucciones:Explorer: http:\/\/windows.microsoft.com\/es-es\/windows7\/how-to-manage-cookies-in-internet-explorer-9 Chrome: http:\/\/support.google.com\/chrome\/bin\/answer.py?hl=es&amp;answer=95647 Firefox: http:\/\/support.mozilla.org\/es\/products\/firefox\/cookies Safari: http:\/\/support.apple.com\/kb\/ph5042 Opera: http:\/\/help.opera.com\/Windows\/11.50\/es-ES\/cookies.htmlEn relaci\u00f3n a las cookies anal\u00edticas, tambi\u00e9n las puede eliminar utilizando el complemento de inhabilitaci\u00f3n para navegadores de Google Analytics:https:\/\/tools.google.com\/dlpage\/gaoptout?hl=esEn Dispositivos m\u00f3viles:iOSDesde la p\u00e1gina principal, acceder a \u00abConfiguraci\u00f3n\u00bb. Selecciona \u00abSafari\u00bb. Haz clic en \u00abBorrar cookies y datos\u00bb y confirma la orden o selecciona tus preferencias en el apartado \u00abPrivacidad y Seguridad\u00bb.Android Desde la p\u00e1gina principal, acceder al navegador. Selecciona \u00abMen\u00fa\u00bb. Haz clic en \u00abConfiguraci\u00f3n\u00bb, Despu\u00e9s accede a \u00abPrivacidad y seguridad\u00bb y haz clic en \u00abBorrar las cookies\u00bb o ajusta tus preferencias.Windows Desde la p\u00e1gina principal, acceder al navegador. Selecciona \u00abM\u00e1s\u00bb. Haz clic en \u00abConfiguraci\u00f3n\u00bb, Utilice la barra de desplazamiento hasta el apartado de cookies y luego ajuste sus preferencias.<\/p>\n\n\n\n<h2 class=\"wp-block-heading\">4. TRANSFERENCIAS INTERNACIONALES<\/h2>\n\n\n\n<p>El responsable del sitio web no realiza transferencias internacionales de las cookies propias.Puede informarse sobre las transferencias a terceros pa\u00edses que, en su caso, realicen los terceros identificados en esta pol\u00edtica de cookies en sus correspondientes pol\u00edticas:Google: https:\/\/policies.google.com\/privacy?hl=es<\/p>\n\n\n\n<h2 class=\"wp-block-heading\">5. DECISIONES AUTOMATIZADAS<\/h2>\n\n\n\n<p>Estas cookies no se utilizan para la elaboraci\u00f3n de perfiles que impliquen una toma de decisiones automatizadas que puedan comportar efectos jur\u00eddicos para el usuario.<\/p>\n\n\n\n<h2 class=\"wp-block-heading\">6. PER\u00cdODO DE CONSERVACI\u00d3N<\/h2>\n\n\n\n<p>Los datos personales obtenidos a partir del uso de las cookies ser\u00e1n conservados durante el plazo indicado en la columna descriptiva \u00abDuraci\u00f3n\u00bb y, una vez finalizado este plazo, durante los plazos de prescripci\u00f3n legales aplicables seg\u00fan las diferentes finalidades. Transcurrido el plazo de prescripci\u00f3n, sus datos ser\u00e1n suprimidos.<\/p>\n\n\n\n<h2 class=\"wp-block-heading\">7. M\u00c1S INFORMACI\u00d3N<\/h2>\n\n\n\n<p>Para obtener m\u00e1s informaci\u00f3n sobre el tratamiento de sus datos puede consultar nuestra Pol\u00edtica de privacidad.Si tuviera alguna duda, comentario o sugerencia sobre la Pol\u00edtica de Cookies, puede dirigirse por escrito a la direcci\u00f3n de correo\u00a0<a href=\"mailto:lupe@lupellorens.com\">info@gerardraventos.com<\/a>. Espero que esta informaci\u00f3n sea \u00fatil. Si tienes alguna otra pregunta, no dudes en hacerla.<\/p>\n","protected":false},"excerpt":{"rendered":"<p>Esta pol\u00edtica de cookies se elabora en cumplimiento de las obligaciones previstas en el art\u00edculo 22.2 de la Ley 34\/2002,&#8230;<\/p>\n","protected":false},"author":1,"featured_media":0,"parent":0,"menu_order":0,"comment_status":"closed","ping_status":"closed","template":"","meta":{"footnotes":""},"class_list":["post-1686","page","type-page","status-publish"],"aioseo_notices":[],"_links":{"self":[{"href":"https:\/\/gerardraventos.com\/es\/wp-json\/wp\/v2\/pages\/1686","targetHints":{"allow":["GET"]}}],"collection":[{"href":"https:\/\/gerardraventos.com\/es\/wp-json\/wp\/v2\/pages"}],"about":[{"href":"https:\/\/gerardraventos.com\/es\/wp-json\/wp\/v2\/types\/page"}],"author":[{"embeddable":true,"href":"https:\/\/gerardraventos.com\/es\/wp-json\/wp\/v2\/users\/1"}],"replies":[{"embeddable":true,"href":"https:\/\/gerardraventos.com\/es\/wp-json\/wp\/v2\/comments?post=1686"}],"version-history":[{"count":2,"href":"https:\/\/gerardraventos.com\/es\/wp-json\/wp\/v2\/pages\/1686\/revisions"}],"predecessor-version":[{"id":1698,"href":"https:\/\/gerardraventos.com\/es\/wp-json\/wp\/v2\/pages\/1686\/revisions\/1698"}],"wp:attachment":[{"href":"https:\/\/gerardraventos.com\/es\/wp-json\/wp\/v2\/media?parent=1686"}],"curies":[{"name":"wp","href":"https:\/\/api.w.org\/{rel}","templated":true}]}}