{"id":1679,"date":"2024-10-06T22:56:37","date_gmt":"2024-10-06T22:56:37","guid":{"rendered":"https:\/\/gerardraventos.com\/?page_id=1679"},"modified":"2025-07-09T16:17:44","modified_gmt":"2025-07-09T16:17:44","slug":"aviso-legal","status":"publish","type":"page","link":"https:\/\/gerardraventos.com\/es\/aviso-legal\/","title":{"rendered":"Aviso legal"},"content":{"rendered":"\n<h3 class=\"wp-block-heading\">Datos identificativos<\/h3>\n\n\n\n<p>En cumplimiento con el deber de informaci\u00f3n recogido en el art\u00edculo 10 de la Ley 34\/2002, de 11 de julio, de Servicios de la Sociedad de la Informaci\u00f3n y del Comercio Electr\u00f3nico, a continuaci\u00f3n se reflejan los siguientes datos:<\/p>\n\n\n\n<p>La empresa titular de esta website es \u201cGerard Ravent\u00f3s Almirall\u201d, con domicilio en C\/ Balmes 25, 5o 2a 08007 Barcelona, Espa\u00f1a y con n\u00famero de CIF: 47837270F y correo electr\u00f3nico de contacto\u00a0info@gerardraventos.com.<\/p>\n\n\n\n<p>La informaci\u00f3n contenida en\u00a0<a href=\"https:\/\/gerardraventos.com\/\" title=\"www.gerardraventos.com\">www.gerardraventos.com<\/a> constituye un servicio de informaci\u00f3n de los diversos servicios y contenidos que ofrece \u201cGerard Ravent\u00f3s\u201d principalmente a sus clientes.<\/p>\n\n\n\n<h3 class=\"wp-block-heading\">Aceptaci\u00f3n de las condiciones de uso<\/h3>\n\n\n\n<p>El acceso a la Web\u00a0<a href=\"https:\/\/gerardraventos.com\/\" title=\"\">www.gerardraventos.com<\/a>\u00a0exige la aceptaci\u00f3n de las condiciones de uso que en cada momento se encuentren vigentes en \u00e9sta Web.<\/p>\n\n\n\n<h3 class=\"wp-block-heading\">Propiedad intelectual<\/h3>\n\n\n\n<p>El c\u00f3digo fuente, los dise\u00f1os gr\u00e1ficos, las im\u00e1genes, las fotograf\u00edas, el software, los textos, as\u00ed como la informaci\u00f3n y los contenidos que se recogen en\u00a0<a href=\"https:\/\/gerardraventos.com\/\" title=\"www.gerardraventos.com\">www.gerardraventos.com<\/a>, est\u00e1n protegidos por la legislaci\u00f3n espa\u00f1ola sobre los derechos de propiedad intelectual e industrial a favor de \u201cGerard Ravent\u00f3s\u201d, y no se permite, la reproducci\u00f3n total o parcial de \u00e9sta Web, ni su tratamiento inform\u00e1tico, comunicaci\u00f3n p\u00fablica, distribuci\u00f3n, difusi\u00f3n, modificaci\u00f3n, transformaci\u00f3n o descompilaci\u00f3n, sin el permiso previo y por escrito de su titular, \u201cGerard Ravent\u00f3s\u201d de conformidad con lo dispuesto en los art\u00edculos 8 y 32 p\u00e1rrafo segundo de la Ley de Propiedad Intelectual.<\/p>\n\n\n\n<p>El usuario, \u00fanica y exclusivamente podr\u00e1 utilizar el material que aparezca en \u00e9sta Web para su uso personal y privado, quedando prohibida su utilizaci\u00f3n con fines comerciales o para incurrir en actividades il\u00edcitas. Todos los derechos derivados de la propiedad intelectual est\u00e1n expresamente reservados por \u201cGerard Ravent\u00f3s\u201d.<\/p>\n\n\n\n<p>\u201cGerard Ravent\u00f3s\u201d velar\u00e1 por el cumplimiento de las anteriores condiciones y para la debida utilizaci\u00f3n de los contenidos presentados en su portal, ejercitando todas las acciones civiles y penales que le correspondan en el caso de infracci\u00f3n o incumplimiento de \u00e9stos derechos por parte del usuario.<\/p>\n\n\n\n<h3 class=\"wp-block-heading\">Protecci\u00f3n de datos de car\u00e1cter personal<\/h3>\n\n\n\n<p>El acceso a la p\u00e1gina Web o su uso no implica una recogida de datos personales del usuario por parte de \u201cGerard Ravent\u00f3s\u201d. No obstante, se comunica que, en el caso de que \u201cGerard Raventos\u201d solicite datos personales, se informar\u00e1 debidamente al usuario conforme a lo establecido en la Ley Org\u00e1nica 15\/1999, de 13 de diciembre, de Protecci\u00f3n de Datos de Car\u00e1cter Personal.<\/p>\n\n\n\n<p>Los Datos Personales que se recogen en los formularios o documentos an\u00e1logos de solicitud de informaci\u00f3n de \u201cGerard Ravent\u00f3s\u201d ser\u00e1n objeto de tratamiento mixto y se incorporaran a los correspondientes ficheros, de los cuales la titularidad corresponde a \u201cGerard Ravent\u00f3s\u201d.<\/p>\n\n\n\n<p>La recogida y tratamiento mixto de los Datos de Car\u00e1cter Personal tiene principalmente como finalidad la atenci\u00f3n de solicitudes de informaci\u00f3n por parte de terceros y el mantenimiento de la relaci\u00f3n que en su caso se establezca con \u201cGerard Ravent\u00f3s\u201d, as\u00ed como la gesti\u00f3n, administraci\u00f3n, informaci\u00f3n, prestaci\u00f3n y mejora de los servicios y contenidos, en la gen\u00e9rica, decidan consultar.<\/p>\n\n\n\n<p>\u201cGerard Ravent\u00f3s\u201d ha tomado las medidas de \u00edndole t\u00e9cnica y organizativa necesarias para garantizar la seguridad de los datos y evitar su alteraci\u00f3n, p\u00e9rdida, tratamiento o acceso no autorizado, teniendo en cuenta el estado de la tecnolog\u00eda, la naturaleza de los datos almacenados y los riesgos a que se encuentran expuestos, ya provengan de la acci\u00f3n humana o del medio f\u00edsico o natural. Se adoptaran las medidas de \u00edndole t\u00e9cnicas y organizativas que persigan alcanzar los objetivos b\u00e1sicos en materia de seguridad, como son: la confidencialidad, entendida como la limitaci\u00f3n de acceso a la informaci\u00f3n por personas no autorizadas; la integridad, entendida como el mantenimiento de la informaci\u00f3n fiable y con calidad, y la disponibilidad, entendida como la garant\u00eda de acceso al Sistema de Informaci\u00f3n por la solicitud de un usuario autorizado.<\/p>\n\n\n\n<h3 class=\"wp-block-heading\">Limitaci\u00f3n de la responsabilidad<\/h3>\n\n\n\n<p>\u201cGerard Ravent\u00f3s\u201d no se responsabiliza de los posibles da\u00f1os o perjuicios que puedan suceder como consecuencia del uso de los contenidos de la Web, siendo de exclusiva responsabilidad del usuario que acceda a los mismos.<\/p>\n\n\n\n<p>En el mismo sentido, \u201cGerard Ravent\u00f3s\u201d no se responsabiliza de los posibles perjuicios que se puedan derivar del uso de una versi\u00f3n no actualizada o defectuosa del navegador, de interrupciones en la conexi\u00f3n que se produzcan durante la transmisi\u00f3n de datos, virus inform\u00e1ticos, aver\u00edas o desconexiones en el funcionamiento del sistema telem\u00e1tico, de bloqueos causados por deficiencias o sobrecargas de las l\u00edneas telef\u00f3nicas, as\u00ed como de da\u00f1os provocados por terceras personas mediante intromisiones no autorizadas.<\/p>\n\n\n\n<p>La Web de \u201cGerard Ravent\u00f3s\u201d contiene enlaces a otras p\u00e1ginas Web que pueden resultar de inter\u00e9s para los usuarios. \u201cGerard Ravent\u00f3s\u201d no asume ninguna responsabilidad sobre estos enlaces, no pudi\u00e9ndose garantizar el cumplimiento de Pol\u00edticas de Privacidad adecuadas, motivo por el cual el usuario accede al contenido de las referidas p\u00e1ginas Web en las condiciones de uso que se fijen en las mismas y bajo su exclusiva responsabilidad.<\/p>\n\n\n\n<p>\u201cGerard Ravent\u00f3s\u201d no se hace responsable del incumplimiento de cualquier norma aplicable en que pueda incurrir el usuario en su acceso a la Web\u00a0<a href=\"https:\/\/gerardraventos.com\/\" title=\"\">www.gerardraventos.com<\/a>\u00a0y\/o en el uso de las informaciones contenidas en ella.<\/p>\n\n\n\n<p>\u201cGerard Ravent\u00f3s\u201d se reserva el derecho a interrumpir o denegar discrecionalmente, en cualquier momento y sin necesidad de previo aviso, el acceso de cualquier usuario a los contenidos de acceso restringido, cuando concurran alguna de les circunstancias descritas.<\/p>\n\n\n\n<h3 class=\"wp-block-heading\">Enlaces<\/h3>\n\n\n\n<p>Todos los enlaces o links, hipertextual, profundo, framing o cualquier otro tipo de conexi\u00f3n virtual a trav\u00e9s de redes de telecomunicaci\u00f3n desde cualquier sitio Web a nuestra p\u00e1gina Web, deber\u00e1 ser solicitado y autorizado previamente y por escrito por \u201cGerard Ravent\u00f3s\u201d, y en su defecto los enlaces que se establezcan a esta Web, deber\u00e1n hacerse a su p\u00e1gina de inicio.<\/p>\n\n\n\n<p>Los enlaces que se realicen a p\u00e1ginas Web de terceros tienen \u00fanicamente una finalidad orientativa, siendo su objeto el poner a disposici\u00f3n del usuario otras fuentes de informaci\u00f3n que pudieran ser de su inter\u00e9s.<\/p>\n\n\n\n<p>\u201cGerard Ravent\u00f3s\u201d procura revisar peri\u00f3dicamente el contenido de sus enlaces. No obstante, es imposible conocer en todo momento el contenido concreto de los enlaces propuestos. Derivado de ello, solicitamos la colaboraci\u00f3n de cualquier usuario que acceda a los referidos contenidos en el supuesto que sus contenidos pudieren ser contrarios a la legalidad vigente, moral o orden p\u00fablico, poni\u00e9ndolo en conocimiento a trav\u00e9s del siguiente correo electr\u00f3nico:\u00a0info@gerardraventos.com<\/p>\n\n\n\n<h3 class=\"wp-block-heading\">Responsabilidad<\/h3>\n\n\n\n<p>En definitiva, el usuario es el \u00fanico responsable del uso que realice de los servicios, contenidos, enlaces (links) e hipertextos incluidos en la Web\u00a0<a href=\"http:\/\/www.lupellorens.com\/\">www.gerardraventos.com<\/a>.<\/p>\n\n\n\n<h3 class=\"wp-block-heading\">Pol\u00edtica de privacidad<\/h3>\n\n\n\n<p>Los Datos de Car\u00e1cter Personal recabados mediante los diferentes formularios de la Web est\u00e1n sujetos a los t\u00e9rminos recogidos en nuestra Pol\u00edtica de Privacidad.<\/p>\n\n\n\n<h3 class=\"wp-block-heading\">Reserva<\/h3>\n\n\n\n<p>\u201cGerard Ravent\u00f3s\u201d se reserva la facultad en todo momento, sin necesidad de previo aviso, de efectuar modificaciones y actualizaciones de la informaci\u00f3n contenida en su Web o en su configuraci\u00f3n y presentaci\u00f3n. Asimismo se reserva el derecho a suspender temporalmente, y sin que sea necesario previo aviso, la accesibilidad a la Web por razones de eventual necesidad y para efectuar operaciones de mantenimiento, reparaci\u00f3n o mejora.<\/p>\n\n\n\n<p>\u201cGerard Ravent\u00f3s\u201d se reserva el derecho a incluir o retirar total o parcialmente de la Web, cualquier informaci\u00f3n a su exclusiva discreci\u00f3n.<\/p>\n\n\n\n<h3 class=\"wp-block-heading\">Ley aplicable y jurisdicci\u00f3n<\/h3>\n\n\n\n<p>Para todas aquellas cuestiones que se puedan suscitar con motivo de interpretaci\u00f3n, ejecuci\u00f3n o eventual incumplimiento de las presentes condiciones de utilizaci\u00f3n, los usuarios, con renuncia a su propio fuero, y con independencia del lugar donde se suscite cualquier disputa, se someter\u00e1n expresamente a la competencia y jurisdicci\u00f3n de los juzgados y tribunales de Barcelona.<\/p>\n\n\n\n<p>Las presentes condiciones se regir\u00e1n, en todo caso, por la legislaci\u00f3n espa\u00f1ola.<\/p>\n\n\n\n<p>Gerard Ravent\u00f3s<br>Todos los derechos reservados<\/p>\n","protected":false},"excerpt":{"rendered":"<p>Datos identificativos En cumplimiento con el deber de informaci\u00f3n recogido en el art\u00edculo 10 de la Ley 34\/2002, de 11&#8230;<\/p>\n","protected":false},"author":1,"featured_media":0,"parent":0,"menu_order":0,"comment_status":"closed","ping_status":"closed","template":"","meta":{"footnotes":""},"class_list":["post-1679","page","type-page","status-publish"],"aioseo_notices":[],"_links":{"self":[{"href":"https:\/\/gerardraventos.com\/es\/wp-json\/wp\/v2\/pages\/1679","targetHints":{"allow":["GET"]}}],"collection":[{"href":"https:\/\/gerardraventos.com\/es\/wp-json\/wp\/v2\/pages"}],"about":[{"href":"https:\/\/gerardraventos.com\/es\/wp-json\/wp\/v2\/types\/page"}],"author":[{"embeddable":true,"href":"https:\/\/gerardraventos.com\/es\/wp-json\/wp\/v2\/users\/1"}],"replies":[{"embeddable":true,"href":"https:\/\/gerardraventos.com\/es\/wp-json\/wp\/v2\/comments?post=1679"}],"version-history":[{"count":2,"href":"https:\/\/gerardraventos.com\/es\/wp-json\/wp\/v2\/pages\/1679\/revisions"}],"predecessor-version":[{"id":1689,"href":"https:\/\/gerardraventos.com\/es\/wp-json\/wp\/v2\/pages\/1679\/revisions\/1689"}],"wp:attachment":[{"href":"https:\/\/gerardraventos.com\/es\/wp-json\/wp\/v2\/media?parent=1679"}],"curies":[{"name":"wp","href":"https:\/\/api.w.org\/{rel}","templated":true}]}}