{"id":4459,"date":"2024-10-06T23:01:04","date_gmt":"2024-10-06T23:01:04","guid":{"rendered":"https:\/\/gerardraventos.com\/politica-de-cookies\/"},"modified":"2025-07-09T16:33:51","modified_gmt":"2025-07-09T16:33:51","slug":"politica-de-cookies","status":"publish","type":"page","link":"https:\/\/gerardraventos.com\/ca\/politica-de-cookies\/","title":{"rendered":"Pol\u00edtica de cookies"},"content":{"rendered":"\n<p>Aquesta pol\u00edtica de cookies s&#8217;elabora en compliment de les obligacions previstes a l&#8217;article 22.2 de la Llei 34\/2002, d&#8217;11 de juliol, de serveis de la societat de la informaci\u00f3 i de comer\u00e7 electr\u00f2nic (d&#8217;ara endavant, LSSI), en relaci\u00f3 amb el Reglament General de Protecci\u00f3 de Dades (RGPD) i la Llei Org\u00e0nica 3\/2018, de 5 de desembre (LOPDGDD), amb motiu de la revisi\u00f3 del Comit\u00e8 Europeu de Protecci\u00f3 de Dades (CEPD) el maig del 2020 a les Directrius 05\/2020 sobre consentiment.<\/p>\n\n<h2 class=\"wp-block-heading\">1. DEFINICI\u00d3 I FUNCI\u00d3 DE LES COOKIES<\/h2>\n\n<p>Una galeta \u00e9s qualsevol tipus de dispositiu d&#8217;emmagatzematge i recuperaci\u00f3 de dades que s&#8217;utilitzi a l&#8217;equip terminal d&#8217;un usuari amb la finalitat d&#8217;emmagatzemar informaci\u00f3 i recuperar la informaci\u00f3 ja emmagatzemada. Per utilitzar aquest web s&#8217;utilitzen cookies. Les galetes que es puguin utilitzar s&#8217;associen \u00fanicament amb el navegador d&#8217;un ordinador o dispositiu determinat (un usuari an\u00f2nim), i no proporcionen per elles mateixes cap dada personal de l&#8217;usuari. Es poden utilitzar els seg\u00fcents tipus de galetes, agrupades per la seva finalitat:<\/p>\n\n<ul class=\"wp-block-list\">\n<li>Cookies t\u00e8cniques: permeten a l&#8217;usuari la navegaci\u00f3 a trav\u00e9s de la p\u00e0gina web i la utilitzaci\u00f3 de les diferents opcions o serveis que hi ha; per exemple, controlar el tr\u00e0nsit i la comunicaci\u00f3 de dades, identificar la sessi\u00f3, accedir a parts d&#8217;acc\u00e9s restringit, recordar els elements que integren una comanda, fer el proc\u00e9s de compra d&#8217;una comanda, fer la sol\u00b7licitud d&#8217;inscripci\u00f3 o participaci\u00f3 en un esdeveniment, utilitzar elements de seguretat durant la navegaci\u00f3 o emmagatzemar, difondre i\/o compartir continguts. Aquestes galetes s\u00f3n necess\u00e0ries per al funcionament del servei ofert.<\/li>\n\n\n\n<li>Galetes d&#8217;an\u00e0lisi o mesura: permeten quantificar el nombre d&#8217;usuaris i realitzar el mesurament i l&#8217;an\u00e0lisi estad\u00edstica de la utilitzaci\u00f3 i activitat que fan els usuaris de la nostra p\u00e0gina web, aix\u00ed com elaborar perfils de navegaci\u00f3 dels usuaris en aquestes p\u00e0gines i en les nostres aplicacions, tot aix\u00f2 amb la finalitat d&#8217;introduir-hi millores. Les galetes pr\u00f2pies s\u00f3n les creades o gestionades pel responsable de la p\u00e0gina web. Les galetes de tercers s\u00f3n les administrades per prove\u00efdors de serveis t\u00e8cnics, d&#8217;an\u00e0lisi, xarxes socials, de personalitzaci\u00f3 i de publicitat (inclosa publicitat comportamental) aliens al responsable de la p\u00e0gina web.<\/li>\n<\/ul>\n\n<h2 class=\"wp-block-heading\">2. COOKIES UTILITZADES<\/h2>\n\n<p>Les cookies utilitzades en aquest portal s\u00f3n cookies pr\u00f2pies i de tercers amb finalitats t\u00e8cniques i anal\u00edtiques. Galetes anal\u00edtiques: Les galetes anal\u00edtiques serveixen per recopilar informaci\u00f3 de com els usuaris utilitzen el nostre portal, per exemple, el nombre de visitants i quines s\u00f3n les p\u00e0gines m\u00e9s utilitzades. La informaci\u00f3 \u00e9s recopilada de forma an\u00f2nima i s&#8217;utilitza per millorar el nostre portal.<a href=\"http:\/\/www.google.com\/analytics\/learn\/privacy.html\" target=\"_blank\" rel=\"noreferrer noopener\">http:\/\/www.google.com\/analytics\/learn\/privacy.html<\/a><\/p>\n\n<h3 class=\"wp-block-heading\">Cookies de xarxes socials i al nostre bloc<\/h3>\n\n<p>Al nostre portal us facilitem enlla\u00e7os a les p\u00e0gines que tenim a les xarxes socials (YouTube, Facebook). Per al funcionament d&#8217;aquests llocs, si accedeix a ells tamb\u00e9 s&#8217;instal\u00b7len cookies de tercers (Facebook.com, twitter.com, etc.) amb fins t\u00e8cnics, anal\u00edtics i de publicitat. No obstant aix\u00f2, nosaltres no tenim cap control sobre aquestes cookies. Aquestes cookies s\u00f3n de dos tipus: Cookies t\u00e8cniques necess\u00e0ries per accedir a la informaci\u00f3 i v\u00eddeos que compartim a les xarxes socials. Cookies xarxes socials utilitzen eines anal\u00edtiques per recopilar informaci\u00f3 de com els usuaris utilitzen les xarxes socials.Cookies de publicitat, ja que moltes xarxes socials utilitzen cookies de publicitat per mostrar informaci\u00f3 i anuncis personalitzats segons les seves prefer\u00e8ncies.En els seg\u00fcents enlla\u00e7os podeu consultar la pol\u00edtica de cookies en aquestes xarxes socials: Facebook: https:\/\/www.facebook.com\/help\/cookies https:\/\/www.youtube.com\/yt\/policyandsafety\/ca\/policy.htmlSi elimina les cookies de les xarxes socials, no us impedir\u00e0 navegar normalment per la nostra web, no obstant aix\u00f2, no podreu utilitzar algunes de les funcionalitats que ofereixen (per exemple, compartir informaci\u00f3, etc.).<\/p>\n\n<h2 class=\"wp-block-heading\">3. CONFIGURAR COOKIES<\/h2>\n\n<p>Si voleu revocar el consentiment donat amb anterioritat, podeu fer-ho en qualsevol moment i totes les cookies seran eliminades. Aquesta p\u00e0gina web cont\u00e9 enlla\u00e7os a p\u00e0gines web de tercers, les pol\u00edtiques de privadesa dels quals s\u00f3n alienes al titular d&#8217;aquesta web. En accedir a aquestes p\u00e0gines web vost\u00e8 pot decidir si accepta les seves pol\u00edtiques de privadesa i de cookies.<\/p>\n\n<h3 class=\"wp-block-heading\">3.1 DESACTIVAR O ELIMINAR COOKIES<\/h3>\n\n<p>L&#8217;usuari t\u00e9 la possibilitat de configurar el seu navegador per ser avisat en pantalla de la recepci\u00f3 de cookies i per evitar la seva instal\u00b7laci\u00f3 al disc dur. Tots els navegadors permeten fer canvis per desactivar la configuraci\u00f3 de les galetes. Aquests par\u00e0metres es troben ubicats a les opcions o prefer\u00e8ncies del men\u00fa del vostre navegador. A continuaci\u00f3, podr\u00e0 trobar els enlla\u00e7os de cada navegador per desactivar les galetes seguint les instruccions: Als Navegadors: L&#8217;eliminaci\u00f3 d&#8217;aquestes galetes (excepte les galetes t\u00e8cniques) no impedeix la utilitzaci\u00f3 de cap servei del nostre portal. Les pot eliminar mitjan\u00e7ant la configuraci\u00f3 del seu navegador impedint la instal\u00b7laci\u00f3 de galetes. En funci\u00f3 del navegador que utilitzeu haureu de seguir les seg\u00fcents instruccions:Explorer: http:\/\/windows.microsoft.com\/es-es\/windows7\/how-to-manage-cookies-in-internet-explorer-9 Chrome: http:\/\/support.google.com\/chrome\/bin\/answer.py?hl=ca&amp;answer=95647 Fire http:\/\/support.mozilla.org\/es\/products\/firefox\/cookies Safari: http:\/\/support.apple.com\/kb\/ph5042 Opera: http:\/\/help.opera.com\/Windows\/11.50\/ca-ES\/cookies.html En relaci\u00f3 a les cookies anal\u00edtiques, tamb\u00e9 les podeu eliminar utilitzant el complement d&#8217;inhabilitaci\u00f3 per a navegadors Analytics:https:\/\/tools.google.com\/dlpage\/gaoptout?hl=esEn Dispositius m\u00f2bils:iOSDes de la p\u00e0gina principal, accedir a \u00abConfiguraci\u00f3\u00bb. Seleccioneu Safari. Fes clic a \u00abEsborrar cookies i dades\u00bb i confirma l&#8217;ordre o selecciona les teves prefer\u00e8ncies a l&#8217;apartat \u00abPrivadesa i Seguretat\u00bb. Android Des de la p\u00e0gina principal, accedir al navegador. Seleccioneu Men\u00fa. Fes clic a \u00abConfiguraci\u00f3\u00bb, Despr\u00e9s accedeix a \u00abPrivadesa i seguretat\u00bb i fes clic a \u00abEsborrar les cookies\u00bb o ajusta les teves prefer\u00e8ncies. Windows Des de la p\u00e0gina principal, accedir al navegador. Seleccioneu M\u00e9s. Feu clic a \u00abConfiguraci\u00f3\u00bb, Utilitzeu la barra de despla\u00e7ament fins a l&#8217;apartat de galetes i despr\u00e9s ajusteu les vostres prefer\u00e8ncies.<\/p>\n\n<h2 class=\"wp-block-heading\">4. TRANSFER\u00c8NCIES INTERNACIONALS<\/h2>\n\n<p>El responsable del lloc web no realitza transfer\u00e8ncies internacionals de les cookies pr\u00f2pies. Pot informar-se sobre les transfer\u00e8ncies a tercers pa\u00efsos que, si escau, realitzin els tercers identificats en aquesta pol\u00edtica de cookies en les pol\u00edtiques corresponents: Google: https:\/\/policies.google.com\/privacy?hl=ca<\/p>\n\n<h2 class=\"wp-block-heading\">5. DECISIONS AUTOMATITZADES<\/h2>\n\n<p>Aquestes galetes no s&#8217;utilitzen per elaborar perfils que impliquin una presa de decisions automatitzades que puguin comportar efectes jur\u00eddics per a l&#8217;usuari.<\/p>\n\n<h2 class=\"wp-block-heading\">6. PER\u00cdODE DE CONSERVACI\u00d3<\/h2>\n\n<p>Les dades personals obtingudes a partir de l&#8217;\u00fas de les galetes seran conservades durant el termini indicat a la columna descriptiva \u00abDuraci\u00f3\u00bb i, un cop finalitzat aquest termini, durant els terminis de prescripci\u00f3 legals aplicables segons les diferents finalitats. Transcorregut el termini de prescripci\u00f3, les vostres dades seran suprimides.<\/p>\n\n<h2 class=\"wp-block-heading\">7. M\u00c9S INFORMACI\u00d3<\/h2>\n\n<p>Per obtenir m\u00e9s informaci\u00f3 sobre el tractament de les vostres dades podeu consultar la nostra Pol\u00edtica de privadesa. Si tingu\u00e9s algun dubte, comentari o suggeriment sobre la Pol\u00edtica de Cookies, pot adre\u00e7ar-se per escrit a l&#8217;adre\u00e7a de correu <a href=\"mailto:lupe@lupellorens.com\">info@gerardraventos.com<\/a> . Espero que aquesta informaci\u00f3 sigui \u00fatil. Si tens alguna altra pregunta, no dubtis a fer-ho.<\/p>\n","protected":false},"excerpt":{"rendered":"<p>Aquesta pol\u00edtica de cookies s&#8217;elabora en compliment de les obligacions previstes a l&#8217;article 22.2 de la Llei 34\/2002, d&#8217;11 de&#8230;<\/p>\n","protected":false},"author":1,"featured_media":0,"parent":0,"menu_order":0,"comment_status":"closed","ping_status":"closed","template":"","meta":{"footnotes":""},"class_list":["post-4459","page","type-page","status-publish"],"aioseo_notices":[],"_links":{"self":[{"href":"https:\/\/gerardraventos.com\/ca\/wp-json\/wp\/v2\/pages\/4459","targetHints":{"allow":["GET"]}}],"collection":[{"href":"https:\/\/gerardraventos.com\/ca\/wp-json\/wp\/v2\/pages"}],"about":[{"href":"https:\/\/gerardraventos.com\/ca\/wp-json\/wp\/v2\/types\/page"}],"author":[{"embeddable":true,"href":"https:\/\/gerardraventos.com\/ca\/wp-json\/wp\/v2\/users\/1"}],"replies":[{"embeddable":true,"href":"https:\/\/gerardraventos.com\/ca\/wp-json\/wp\/v2\/comments?post=4459"}],"version-history":[{"count":1,"href":"https:\/\/gerardraventos.com\/ca\/wp-json\/wp\/v2\/pages\/4459\/revisions"}],"predecessor-version":[{"id":4460,"href":"https:\/\/gerardraventos.com\/ca\/wp-json\/wp\/v2\/pages\/4459\/revisions\/4460"}],"wp:attachment":[{"href":"https:\/\/gerardraventos.com\/ca\/wp-json\/wp\/v2\/media?parent=4459"}],"curies":[{"name":"wp","href":"https:\/\/api.w.org\/{rel}","templated":true}]}}