{"id":4324,"date":"2024-10-06T22:56:37","date_gmt":"2024-10-06T22:56:37","guid":{"rendered":"https:\/\/gerardraventos.com\/avis-legal\/"},"modified":"2025-07-09T16:14:00","modified_gmt":"2025-07-09T16:14:00","slug":"avis-legal","status":"publish","type":"page","link":"https:\/\/gerardraventos.com\/ca\/avis-legal\/","title":{"rendered":"Av\u00eds legal"},"content":{"rendered":"\n<h3 class=\"wp-block-heading\">Dades identificatives<\/h3>\n\n<p>En compliment amb el deure informaci\u00f3 recollit a l&#8217;article 10 de la Llei 34\/2002, d&#8217;11 de juliol, de Serveis de la Societat de la Informaci\u00f3 i del Comer\u00e7 Electr\u00f2nic, a continuaci\u00f3 es reflecteixen les dades seg\u00fcents:<\/p>\n\n<p>L&#8217;empresa titular d&#8217;aquesta website \u00e9s Gerard Ravent\u00f3s Almirall, amb domicili al c\/ Balmes 25, 5\u00e8 2a 08007 Barcelona, \u200b\u200bEspanya i amb n\u00famero de CIF: 47837270F i correu electr\u00f2nic de contacte info@gerardraventos.com.<\/p>\n\n<p>La informaci\u00f3 continguda a <a href=\"https:\/\/gerardraventos.com\/ca\/\" title=\"www.gerardraventos.com\">www.gerardraventos.com<\/a> constitueix un servei d&#8217;informaci\u00f3 dels diversos serveis i continguts que ofereix Gerard Ravent\u00f3s principalment als seus clients.<\/p>\n\n<h3 class=\"wp-block-heading\">Acceptaci\u00f3 de les condicions d\u00fas<\/h3>\n\n<p>L&#8217;acc\u00e9s a la web <a href=\"https:\/\/gerardraventos.com\/ca\/\" title=\"\">www.gerardraventos.com<\/a> exigeix \u200b\u200bl&#8217;acceptaci\u00f3 de les condicions d&#8217;\u00fas que en cada moment estiguin vigents en aquesta web.<\/p>\n\n<h3 class=\"wp-block-heading\">Propietat intel\u00b7lectual<\/h3>\n\n<p>El codi font, els dissenys gr\u00e0fics, les imatges, les fotografies, el programari, els textos, aix\u00ed com la informaci\u00f3 i els continguts que es recullen a  <a href=\"https:\/\/gerardraventos.com\/ca\/\" title=\"www.gerardraventos.com\">www.gerardraventos.com<\/a>, estan protegits per la legislaci\u00f3 espanyola sobre els drets de propietat intel\u00b7lectual i industrial a favor de \u201cGerard Ravent\u00f3s\u201d, i no es permet, la reproducci\u00f3 total o parcial d&#8217;aquesta Web, ni el seu tractament inform\u00e0tic, comunicaci\u00f3 p\u00fablica, distribuci\u00f3, difusi\u00f3, modificaci\u00f3, transformaci\u00f3 o descompilaci\u00f3, sense el perm\u00eds previ i per escrit del seu titular, \u201cGerard Ravent\u00f3s\u201d2 de conformitat amb el Propietat Intel\u00b7lectual.<\/p>\n\n<p>L&#8217;usuari, \u00fanicament i exclusivament podr\u00e0 utilitzar el material que aparegui en aquesta Web per a \u00fas personal i privat, quedant prohibida la seva utilitzaci\u00f3 amb fins comercials o per inc\u00f3rrer en activitats il\u00b7l\u00edcites. Tots els drets derivats de la propietat intel\u00b7lectual estan expressament reservats per Gerard Ravent\u00f3s.<\/p>\n\n<p>Gerard Ravent\u00f3s vetllar\u00e0 pel compliment de les condicions anteriors i per a la deguda utilitzaci\u00f3 dels continguts presentats al seu portal, exercint totes les accions civils i penals que li corresponguin en el cas d&#8217;infracci\u00f3 o incompliment d&#8217;aquests drets per part de l&#8217;usuari.<\/p>\n\n<h3 class=\"wp-block-heading\">Protecci\u00f3 de dades de car\u00e0cter personal<\/h3>\n\n<p>L&#8217;acc\u00e9s a la p\u00e0gina web o el seu \u00fas no implica una recollida de dades personals de l&#8217;usuari per part de Gerard Ravent\u00f3s. Aix\u00f2 no obstant, es comunica que, en el cas que Gerard Raventos sol\u00b7liciti dades personals, s&#8217;informar\u00e0 degudament l&#8217;usuari d&#8217;acord amb el que estableix la Llei Org\u00e0nica 15\/1999, de 13 de desembre, de Protecci\u00f3 de Dades de Car\u00e0cter Personal.<\/p>\n\n<p>Les Dades Personals que es recullen als formularis o documents an\u00e0legs de sol\u00b7licitud d&#8217;informaci\u00f3 de Gerard Ravent\u00f3s seran objecte de tractament mixt i s&#8217;incorporaran als corresponents fitxers, dels quals la titularitat correspon a Gerard Ravent\u00f3s.<\/p>\n\n<p>La recollida i tractament mixt de les Dades de Car\u00e0cter Personal t\u00e9 principalment com a finalitat l&#8217;atenci\u00f3 de sol\u00b7licituds d&#8217;informaci\u00f3 per part de tercers i el manteniment de la relaci\u00f3 que si s&#8217;escau s&#8217;estableixi amb Gerard Ravent\u00f3s, aix\u00ed com la gesti\u00f3, administraci\u00f3, informaci\u00f3, prestaci\u00f3 i millora dels serveis i continguts, a la gen\u00e8rica, decideixin consultar.<\/p>\n\n<p>Gerard Ravent\u00f3s ha pres les mesures d&#8217;\u00edndole t\u00e8cnica i organitzativa necess\u00e0ries per garantir la seguretat de les dades i evitar la seva alteraci\u00f3, p\u00e8rdua, tractament o acc\u00e9s no autoritzat, tenint en compte l&#8217;estat de la tecnologia, la naturalesa de les dades emmagatzemades i els riscos a qu\u00e8 es troben exposats, ja provinguin de l&#8217;acci\u00f3 humana o del medi f\u00edsic o natural. S&#8217;adoptaran les mesures d&#8217;\u00edndole t\u00e8cniques i organitzatives que persegueixin assolir els objectius b\u00e0sics en mat\u00e8ria de seguretat, com ara: la confidencialitat, entesa com la limitaci\u00f3 d&#8217;acc\u00e9s a la informaci\u00f3 per persones no autoritzades; la integritat, entesa com el manteniment de la informaci\u00f3 fiable i amb qualitat, i la disponibilitat, entesa com la garantia dacc\u00e9s al Sistema dInformaci\u00f3 per la sol\u00b7 licitud dun usuari autoritzat.<\/p>\n\n<h3 class=\"wp-block-heading\">Limitaci\u00f3 de la responsabilitat<\/h3>\n\n<p>Gerard Ravent\u00f3s no es responsabilitza dels possibles danys o perjudicis que puguin succeir com a conseq\u00fc\u00e8ncia de l&#8217;\u00fas dels continguts de la Web, sent de exclusiva responsabilitat de l&#8217;usuari que hi accedeixi.<\/p>\n\n<p>En el mateix sentit, Gerard Ravent\u00f3s no es responsabilitza dels possibles perjudicis que es puguin derivar de l&#8217;\u00fas d&#8217;una versi\u00f3 no actualitzada o defectuosa del navegador, d&#8217;interrupcions en la connexi\u00f3 que es produeixin durant la transmissi\u00f3 de dades, virus inform\u00e0tics, avaries o desconnexions en el funcionament del sistema telem\u00e0tic, de bloquejos causats per defici\u00e8ncies. terceres persones mitjan\u00e7ant intromissions no autoritzades.<\/p>\n\n<p>El Web de Gerard Ravent\u00f3s cont\u00e9 enlla\u00e7os a altres p\u00e0gines web que poden ser interessants per als usuaris. Gerard Ravent\u00f3s no assumeix cap responsabilitat sobre aquests enlla\u00e7os, no podent garantir-se el compliment de Pol\u00edtiques de Privadesa adequades, motiu pel qual l&#8217;usuari accedeix al contingut de les referides p\u00e0gines Web en les condicions d&#8217;\u00fas que s&#8217;hi fixin i sota la seva exclusiva responsabilitat.<\/p>\n\n<p>Gerard Ravent\u00f3s no es fa responsable de l&#8217;incompliment de qualsevol norma aplicable en qu\u00e8 pugui inc\u00f3rrer l&#8217;usuari en l&#8217;acc\u00e9s a la web <a href=\"https:\/\/gerardraventos.com\/ca\/\" title=\"\">www.gerardraventos.com<\/a> i\/o en l&#8217;\u00fas de les informacions contingudes.<\/p>\n\n<p>Gerard Ravent\u00f3s es reserva el dret a interrompre o denegar discrecionalment, en qualsevol moment i sense necessitat de previ av\u00eds, l&#8217;acc\u00e9s de qualsevol usuari als continguts d&#8217;acc\u00e9s restringit, quan concorrin alguna de les circumst\u00e0ncies descrites.<\/p>\n\n<h3 class=\"wp-block-heading\">Enlla\u00e7os<\/h3>\n\n<p>Tots els enlla\u00e7os o links, hipertextual, profund, framing o qualsevol altre tipus de connexi\u00f3 virtual a trav\u00e9s de xarxes de telecomunicaci\u00f3 des de qualsevol lloc web a la nostra p\u00e0gina web, haur\u00e0 de ser sol\u00b7licitat i autoritzat pr\u00e8viament i per escrit per \u201cGerard Ravent\u00f3s\u201d, i si no n&#8217;hi ha els enlla\u00e7os que s&#8217;estableixin a aquesta web, s&#8217;hauran de fer a la seva p\u00e0gina d&#8217;inici.<\/p>\n\n<p>Els enlla\u00e7os que es realitzin a p\u00e0gines web de tercers tenen \u00fanicament una finalitat orientativa, i el seu objecte \u00e9s posar a disposici\u00f3 de l&#8217;usuari altres fonts d&#8217;informaci\u00f3 que puguin ser del seu inter\u00e8s.<\/p>\n\n<p>Gerard Ravent\u00f3s procura revisar peri\u00f2dicament el contingut dels seus enlla\u00e7os. Aix\u00f2 no obstant, \u00e9s impossible con\u00e8ixer en tot moment el contingut concret dels enlla\u00e7os proposats. Derivat d&#8217;aix\u00f2, sol\u00b7licitem la col\u00b7laboraci\u00f3 de qualsevol usuari que accedeixi als referits continguts en el sup\u00f2sit que els seus continguts poguessin ser contraris a la legalitat vigent, moral o ordre p\u00fablic, posant-ho en coneixement a trav\u00e9s del correu electr\u00f2nic seg\u00fcent: info@gerardraventos.com<\/p>\n\n<h3 class=\"wp-block-heading\">Responsabilitat<\/h3>\n\n<p>En definitiva, l&#8217;usuari \u00e9s l&#8217;\u00fanic responsable de l&#8217;\u00fas que faci dels serveis, continguts, enlla\u00e7os (links) i hipertextos inclosos a la web <a href=\"http:\/\/www.lupellorens.com\/\">www.gerardraventos.com<\/a> .<\/p>\n\n<h3 class=\"wp-block-heading\">Pol\u00edtica de privadesa<\/h3>\n\n<p>Les Dades de Car\u00e0cter Personal recollides mitjan\u00e7ant els diferents formularis de la Web estan subjectes als termes recollits a la nostra Pol\u00edtica de Privadesa.<\/p>\n\n<h3 class=\"wp-block-heading\">Reserva<\/h3>\n\n<p>Gerard Ravent\u00f3s es reserva la facultat en tot moment, sense necessitat de previ av\u00eds, d&#8217;efectuar modificacions i actualitzacions de la informaci\u00f3 continguda a la seva Web oa la seva configuraci\u00f3 i presentaci\u00f3. Aix\u00ed mateix, es reserva el dret a suspendre temporalment, i sense que sigui necessari previ av\u00eds, l&#8217;accessibilitat a la Web per raons d&#8217;eventual necessitat i per efectuar operacions de manteniment, reparaci\u00f3 o millora.<\/p>\n\n<p>Gerard Ravent\u00f3s es reserva el dret a incloure o retirar totalment o parcialment del Web, qualsevol informaci\u00f3 a la seva exclusiva discreci\u00f3.<\/p>\n\n<h3 class=\"wp-block-heading\">Llei aplicable i jurisdicci\u00f3<\/h3>\n\n<p>Per a totes aquelles q\u00fcestions que es puguin suscitar amb motiu dinterpretaci\u00f3, execuci\u00f3 o eventual incompliment de les presents condicions dutilitzaci\u00f3, els usuaris, amb ren\u00fancia al seu propi fur, i amb independ\u00e8ncia del lloc on se susciti qualsevol disputa, se sotmetran expressament a la compet\u00e8ncia i jurisdicci\u00f3 dels jutjats i tribunals de Barcelona.<\/p>\n\n<p>Aquestes condicions es regeixen, en tot cas, per la legislaci\u00f3 espanyola.<\/p>\n\n<p>Gerard Ravent\u00f3s<br\/> Tots els drets reservats<\/p>\n","protected":false},"excerpt":{"rendered":"<p>Dades identificatives En compliment amb el deure informaci\u00f3 recollit a l&#8217;article 10 de la Llei 34\/2002, d&#8217;11 de juliol, de&#8230;<\/p>\n","protected":false},"author":1,"featured_media":0,"parent":0,"menu_order":0,"comment_status":"closed","ping_status":"closed","template":"","meta":{"footnotes":""},"class_list":["post-4324","page","type-page","status-publish"],"aioseo_notices":[],"_links":{"self":[{"href":"https:\/\/gerardraventos.com\/ca\/wp-json\/wp\/v2\/pages\/4324","targetHints":{"allow":["GET"]}}],"collection":[{"href":"https:\/\/gerardraventos.com\/ca\/wp-json\/wp\/v2\/pages"}],"about":[{"href":"https:\/\/gerardraventos.com\/ca\/wp-json\/wp\/v2\/types\/page"}],"author":[{"embeddable":true,"href":"https:\/\/gerardraventos.com\/ca\/wp-json\/wp\/v2\/users\/1"}],"replies":[{"embeddable":true,"href":"https:\/\/gerardraventos.com\/ca\/wp-json\/wp\/v2\/comments?post=4324"}],"version-history":[{"count":1,"href":"https:\/\/gerardraventos.com\/ca\/wp-json\/wp\/v2\/pages\/4324\/revisions"}],"predecessor-version":[{"id":4327,"href":"https:\/\/gerardraventos.com\/ca\/wp-json\/wp\/v2\/pages\/4324\/revisions\/4327"}],"wp:attachment":[{"href":"https:\/\/gerardraventos.com\/ca\/wp-json\/wp\/v2\/media?parent=4324"}],"curies":[{"name":"wp","href":"https:\/\/api.w.org\/{rel}","templated":true}]}}