{"id":4305,"date":"2024-09-17T14:59:37","date_gmt":"2024-09-17T14:59:37","guid":{"rendered":"https:\/\/gerardraventos.com\/politica-de-privadesa\/"},"modified":"2025-07-09T16:40:25","modified_gmt":"2025-07-09T16:40:25","slug":"politica-de-privadesa","status":"publish","type":"page","link":"https:\/\/gerardraventos.com\/ca\/politica-de-privadesa\/","title":{"rendered":"Pol\u00edtica de privadesa"},"content":{"rendered":"\n<p>De conformitat amb el que estableix la normativa vigent en Protecci\u00f3 de Dades de Car\u00e0cter Personal, us informem que les vostres dades seran incorporades al sistema de tractament titularitat de Gerard Ravent\u00f3s amb CIF 47837270F i domicili social situat al C\/ Balmes 25, 5o 2a, 08007 Barcelona, \u200b\u200bEspanya, amb la finalitat d&#8217;atendre les vostres dades d&#8217;atendre les vostres dades. En compliment amb la normativa vigent, Gerard Ravent\u00f3s informa que les dades seran conservades durant el termini estrictament necessari per complir els preceptes esmentats anteriorment.<\/p>\n\n<p>Mentre no ens comuniqueu el contrari, entendrem que les vostres dades no han estat modificades, que vost\u00e8 es compromet a notificar-nos qualsevol variaci\u00f3 i que tenim el seu consentiment per utilitzar-les per a les finalitats esmentades.<br\/> Gerard Ravent\u00f3s informa que procedir\u00e0 a tractar les dades de manera l\u00edcita, lleial, transparent, adequada, pertinent, limitada, exacta i actualitzada. \u00c9s per aix\u00f2 que Gerard Ravent\u00f3s es compromet a adoptar totes les mesures raonables perqu\u00e8 aquests se suprimeixin o rectifiquin sense dilaci\u00f3 quan siguin inexactes.<\/p>\n\n<p>D&#8217;acord amb els drets que us confereix la normativa vigent en protecci\u00f3 de dades podreu exercir els drets d&#8217;acc\u00e9s, rectificaci\u00f3, limitaci\u00f3 de tractament, supressi\u00f3, portabilitat i oposici\u00f3 al tractament de les vostres dades de car\u00e0cter personal aix\u00ed com del consentiment prestat per al seu tractament, dirigint la vostra petici\u00f3 a l&#8217;adre\u00e7a postal indicada m\u00e9s amunt o al correu electr\u00f2nic <a href=\"mailto:lupe@lupellorens.com\">info@gerardraventos.com<\/a> .<\/p>\n\n<p>Alhora, us informem que podeu contactar amb el Delegat de Protecci\u00f3 de Dades de Gerard Ravent\u00f3s, adre\u00e7ant-vos per escrit a l&#8217;adre\u00e7a de correu <a href=\"mailto:lupe@lupellorens.com\">info@gerardraventos.com<\/a> o al tel\u00e8fon (34) &#8212;-.<\/p>\n\n<p>Podr\u00e0 adre\u00e7ar-se a lAutoritat de Control competent per presentar la reclamaci\u00f3 que consideri oportuna.<br\/> Amb enviament del formulari de recollida de dades vost\u00e8 accepta la pol\u00edtica de privadesa de Gerard Ravent\u00f3s.<\/p>\n\n<p><\/p>\n","protected":false},"excerpt":{"rendered":"<p>De conformitat amb el que estableix la normativa vigent en Protecci\u00f3 de Dades de Car\u00e0cter Personal, us informem que les&#8230;<\/p>\n","protected":false},"author":1,"featured_media":0,"parent":0,"menu_order":0,"comment_status":"closed","ping_status":"closed","template":"","meta":{"footnotes":""},"class_list":["post-4305","page","type-page","status-publish"],"aioseo_notices":[],"_links":{"self":[{"href":"https:\/\/gerardraventos.com\/ca\/wp-json\/wp\/v2\/pages\/4305","targetHints":{"allow":["GET"]}}],"collection":[{"href":"https:\/\/gerardraventos.com\/ca\/wp-json\/wp\/v2\/pages"}],"about":[{"href":"https:\/\/gerardraventos.com\/ca\/wp-json\/wp\/v2\/types\/page"}],"author":[{"embeddable":true,"href":"https:\/\/gerardraventos.com\/ca\/wp-json\/wp\/v2\/users\/1"}],"replies":[{"embeddable":true,"href":"https:\/\/gerardraventos.com\/ca\/wp-json\/wp\/v2\/comments?post=4305"}],"version-history":[{"count":1,"href":"https:\/\/gerardraventos.com\/ca\/wp-json\/wp\/v2\/pages\/4305\/revisions"}],"predecessor-version":[{"id":4308,"href":"https:\/\/gerardraventos.com\/ca\/wp-json\/wp\/v2\/pages\/4305\/revisions\/4308"}],"wp:attachment":[{"href":"https:\/\/gerardraventos.com\/ca\/wp-json\/wp\/v2\/media?parent=4305"}],"curies":[{"name":"wp","href":"https:\/\/api.w.org\/{rel}","templated":true}]}}